{"id":10982,"date":"2022-06-02T09:08:10","date_gmt":"2022-06-02T09:08:10","guid":{"rendered":"https:\/\/sailarmada.com\/newsailarmada\/?page_id=10982"},"modified":"2024-06-19T14:24:42","modified_gmt":"2024-06-19T14:24:42","slug":"contacter","status":"publish","type":"page","link":"https:\/\/sailarmada.com\/fr\/contact\/","title":{"rendered":"Contact"},"content":{"rendered":"\t\t<div data-elementor-type=\"wp-page\" data-elementor-id=\"10982\" class=\"elementor elementor-10982\" data-elementor-post-type=\"page\">\n\t\t\t\t\t\t<section class=\"elementor-section elementor-top-section elementor-element elementor-element-ef96794 elementor-section-height-min-height elementor-section-boxed elementor-section-height-default elementor-section-items-middle\" data-id=\"ef96794\" data-element_type=\"section\" data-e-type=\"section\" data-settings=\"{&quot;background_background&quot;:&quot;classic&quot;}\">\n\t\t\t\t\t\t<div class=\"elementor-container elementor-column-gap-default\">\n\t\t\t\t\t<div class=\"elementor-column elementor-col-100 elementor-top-column elementor-element elementor-element-a2b2169\" data-id=\"a2b2169\" data-element_type=\"column\" data-e-type=\"column\">\n\t\t\t<div class=\"elementor-widget-wrap elementor-element-populated\">\n\t\t\t\t\t\t<div class=\"elementor-element elementor-element-d535d49 elementor-widget__width-initial elementor-widget elementor-widget-image-box\" data-id=\"d535d49\" data-element_type=\"widget\" data-e-type=\"widget\" data-widget_type=\"image-box.default\">\n\t\t\t\t<div class=\"elementor-widget-container\">\n\t\t\t\t\t<div class=\"elementor-image-box-wrapper\"><div class=\"elementor-image-box-content\"><h1 class=\"elementor-image-box-title\">Drop us a message<\/h1><p class=\"elementor-image-box-description\">We will be more than happy to answer any question you might have and plan the perfect sailing escape together. Tailored holiday or planned route, hi-season or off-season period are just a talk away.<\/br><\/br>\nLet\u2019s plan together!<\/br>\nSail Armada TEAM<\/br><\/p><\/div><\/div>\t\t\t\t<\/div>\n\t\t\t\t<\/div>\n\t\t\t\t\t<\/div>\n\t\t<\/div>\n\t\t\t\t\t<\/div>\n\t\t<\/section>\n\t\t\t\t<section class=\"elementor-section elementor-top-section elementor-element elementor-element-ff16dc9 elementor-section-boxed elementor-section-height-default elementor-section-height-default\" data-id=\"ff16dc9\" data-element_type=\"section\" data-e-type=\"section\">\n\t\t\t\t\t\t<div class=\"elementor-container elementor-column-gap-default\">\n\t\t\t\t\t<div class=\"elementor-column elementor-col-100 elementor-top-column elementor-element elementor-element-68fd6fb\" data-id=\"68fd6fb\" data-element_type=\"column\" data-e-type=\"column\">\n\t\t\t<div class=\"elementor-widget-wrap elementor-element-populated\">\n\t\t\t\t\t\t<div class=\"elementor-element elementor-element-9139dd9 blue-text elementor-widget elementor-widget-heading\" data-id=\"9139dd9\" data-element_type=\"widget\" data-e-type=\"widget\" data-widget_type=\"heading.default\">\n\t\t\t\t<div class=\"elementor-widget-container\">\n\t\t\t\t\t<h3 class=\"elementor-heading-title elementor-size-default\">\u201cWe travel not to escape life, but for <span>life not to<\/span> escape us.\u201d<\/h3>\t\t\t\t<\/div>\n\t\t\t\t<\/div>\n\t\t\t\t<section class=\"elementor-section elementor-inner-section elementor-element elementor-element-70f63a9 elementor-section-boxed elementor-section-height-default elementor-section-height-default\" data-id=\"70f63a9\" data-element_type=\"section\" data-e-type=\"section\">\n\t\t\t\t\t\t<div class=\"elementor-container elementor-column-gap-default\">\n\t\t\t\t\t<div class=\"elementor-column elementor-col-50 elementor-inner-column elementor-element elementor-element-0300418\" data-id=\"0300418\" data-element_type=\"column\" data-e-type=\"column\">\n\t\t\t<div class=\"elementor-widget-wrap elementor-element-populated\">\n\t\t\t\t\t\t<div class=\"elementor-element elementor-element-bb4941c elementor-widget elementor-widget-heading\" data-id=\"bb4941c\" data-element_type=\"widget\" data-e-type=\"widget\" data-widget_type=\"heading.default\">\n\t\t\t\t<div class=\"elementor-widget-container\">\n\t\t\t\t\t<h2 class=\"elementor-heading-title elementor-size-default\">We love to talk<\/h2>\t\t\t\t<\/div>\n\t\t\t\t<\/div>\n\t\t\t\t<div class=\"elementor-element elementor-element-1e7cdf5 elementor-widget elementor-widget-text-editor\" data-id=\"1e7cdf5\" data-element_type=\"widget\" data-e-type=\"widget\" data-widget_type=\"text-editor.default\">\n\t\t\t\t<div class=\"elementor-widget-container\">\n\t\t\t\t\t\t\t\t\tSTAY IN TOUCH\t\t\t\t\t\t\t\t<\/div>\n\t\t\t\t<\/div>\n\t\t\t\t<div class=\"elementor-element elementor-element-c14cffb elementor-widget elementor-widget-text-editor\" data-id=\"c14cffb\" data-element_type=\"widget\" data-e-type=\"widget\" data-widget_type=\"text-editor.default\">\n\t\t\t\t<div class=\"elementor-widget-container\">\n\t\t\t\t\t\t\t\t\tPlease use the form below to send us a message. We\u2019ll get back to you as soon as possible!\t\t\t\t\t\t\t\t<\/div>\n\t\t\t\t<\/div>\n\t\t\t\t<div class=\"elementor-element elementor-element-3dc59db elementor-button-align-stretch elementor-widget elementor-widget-form\" data-id=\"3dc59db\" data-element_type=\"widget\" data-e-type=\"widget\" data-settings=\"{&quot;button_width&quot;:&quot;25&quot;,&quot;step_next_label&quot;:&quot;Next&quot;,&quot;step_previous_label&quot;:&quot;Previous&quot;,&quot;step_type&quot;:&quot;number_text&quot;,&quot;step_icon_shape&quot;:&quot;circle&quot;}\" data-widget_type=\"form.default\">\n\t\t\t\t<div class=\"elementor-widget-container\">\n\t\t\t\t\t\t\t<form class=\"elementor-form\" method=\"post\" name=\"New Form\" aria-label=\"New Form\">\n\t\t\t<input type=\"hidden\" name=\"post_id\" value=\"10982\"\/>\n\t\t\t<input type=\"hidden\" name=\"form_id\" value=\"3dc59db\"\/>\n\t\t\t<input type=\"hidden\" name=\"referer_title\" value=\"Want to Sail on Your Holidays! - Contact Us | Sail Armada\" \/>\n\n\t\t\t\t\t\t\t<input type=\"hidden\" name=\"queried_id\" value=\"10982\"\/>\n\t\t\t\n\t\t\t<div class=\"elementor-form-fields-wrapper elementor-labels-above\">\n\t\t\t\t\t\t\t\t<div class=\"elementor-field-type-text elementor-field-group elementor-column elementor-field-group-name elementor-col-50 elementor-field-required elementor-mark-required\">\n\t\t\t\t\t\t\t\t\t\t\t\t<label for=\"form-field-name\" class=\"elementor-field-label\">\n\t\t\t\t\t\t\t\tYour Name (required)\t\t\t\t\t\t\t<\/label>\n\t\t\t\t\t\t\t\t\t\t\t\t\t\t<input size=\"1\" type=\"text\" name=\"form_fields[name]\" id=\"form-field-name\" class=\"elementor-field elementor-size-sm  elementor-field-textual\" required=\"required\">\n\t\t\t\t\t\t\t\t\t\t\t<\/div>\n\t\t\t\t\t\t\t\t<div class=\"elementor-field-type-email elementor-field-group elementor-column elementor-field-group-email elementor-col-50 elementor-field-required elementor-mark-required\">\n\t\t\t\t\t\t\t\t\t\t\t\t<label for=\"form-field-email\" class=\"elementor-field-label\">\n\t\t\t\t\t\t\t\tYour Email (required)\t\t\t\t\t\t\t<\/label>\n\t\t\t\t\t\t\t\t\t\t\t\t\t\t<input size=\"1\" type=\"email\" name=\"form_fields[email]\" id=\"form-field-email\" class=\"elementor-field elementor-size-sm  elementor-field-textual\" required=\"required\">\n\t\t\t\t\t\t\t\t\t\t\t<\/div>\n\t\t\t\t\t\t\t\t<div class=\"elementor-field-type-textarea elementor-field-group elementor-column elementor-field-group-message elementor-col-100\">\n\t\t\t\t\t\t\t\t\t\t\t\t<label for=\"form-field-message\" class=\"elementor-field-label\">\n\t\t\t\t\t\t\t\tYour Message\t\t\t\t\t\t\t<\/label>\n\t\t\t\t\t\t<textarea class=\"elementor-field-textual elementor-field  elementor-size-sm\" name=\"form_fields[message]\" id=\"form-field-message\" rows=\"4\"><\/textarea>\t\t\t\t<\/div>\n\t\t\t\t\t\t\t\t<div class=\"elementor-field-type-recaptcha_v3 elementor-field-group elementor-column elementor-field-group-field_32ac9ec elementor-col-100 recaptcha_v3-inline\">\n\t\t\t\t\t<div class=\"elementor-field\" id=\"form-field-field_32ac9ec\"><div class=\"elementor-g-recaptcha\" data-sitekey=\"6Lc5IZAjAAAAABx2oN8LbXoJN_XHqayLCI64d9t7\" data-type=\"v3\" data-action=\"Form\" data-badge=\"inline\" data-size=\"invisible\"><\/div><\/div>\t\t\t\t<\/div>\n\t\t\t\t\t\t\t\t<div class=\"elementor-field-group elementor-column elementor-field-type-submit elementor-col-25 e-form__buttons\">\n\t\t\t\t\t<button class=\"elementor-button elementor-size-sm\" type=\"submit\">\n\t\t\t\t\t\t<span class=\"elementor-button-content-wrapper\">\n\t\t\t\t\t\t\t\t\t\t\t\t\t\t\t\t\t\t\t\t\t\t<span class=\"elementor-button-text\">Send<\/span>\n\t\t\t\t\t\t\t\t\t\t\t\t\t<\/span>\n\t\t\t\t\t<\/button>\n\t\t\t\t<\/div>\n\t\t\t<\/div>\n\t\t<\/form>\n\t\t\t\t\t\t<\/div>\n\t\t\t\t<\/div>\n\t\t\t\t\t<\/div>\n\t\t<\/div>\n\t\t\t\t<div class=\"elementor-column elementor-col-50 elementor-inner-column elementor-element elementor-element-3003d28\" data-id=\"3003d28\" data-element_type=\"column\" data-e-type=\"column\">\n\t\t\t<div class=\"elementor-widget-wrap elementor-element-populated\">\n\t\t\t\t\t\t<div class=\"elementor-element elementor-element-2f51bd4 elementor-widget elementor-widget-heading\" data-id=\"2f51bd4\" data-element_type=\"widget\" data-e-type=\"widget\" data-widget_type=\"heading.default\">\n\t\t\t\t<div class=\"elementor-widget-container\">\n\t\t\t\t\t<h2 class=\"elementor-heading-title elementor-size-default\">Our Story<\/h2>\t\t\t\t<\/div>\n\t\t\t\t<\/div>\n\t\t\t\t<div class=\"elementor-element elementor-element-06f8864 elementor-widget elementor-widget-text-editor\" data-id=\"06f8864\" data-element_type=\"widget\" data-e-type=\"widget\" data-widget_type=\"text-editor.default\">\n\t\t\t\t<div class=\"elementor-widget-container\">\n\t\t\t\t\t\t\t\t\tINSPIRED &#038; PASSIONATE ABOUT SAILING\t\t\t\t\t\t\t\t<\/div>\n\t\t\t\t<\/div>\n\t\t\t\t<div class=\"elementor-element elementor-element-69795e1 elementor-widget elementor-widget-text-editor\" data-id=\"69795e1\" data-element_type=\"widget\" data-e-type=\"widget\" data-widget_type=\"text-editor.default\">\n\t\t\t\t<div class=\"elementor-widget-container\">\n\t\t\t\t\t\t\t\t\tWe are building an Armada of passionate people, who respect the sea, love the beauty of nature, know how to have fun and enjoy life. Join our tribe and discover the real sailing holidays.\t\t\t\t\t\t\t\t<\/div>\n\t\t\t\t<\/div>\n\t\t\t\t<div class=\"elementor-element elementor-element-779c69f elementor-widget elementor-widget-heading\" data-id=\"779c69f\" data-element_type=\"widget\" data-e-type=\"widget\" data-widget_type=\"heading.default\">\n\t\t\t\t<div class=\"elementor-widget-container\">\n\t\t\t\t\t<h3 class=\"elementor-heading-title elementor-size-default\">Give us a call at <a href=\"tel:+40744276232\">+40 744 ARMADA<\/a><\/h3>\t\t\t\t<\/div>\n\t\t\t\t<\/div>\n\t\t\t\t<div class=\"elementor-element elementor-element-d1a3919 elementor-widget elementor-widget-button\" data-id=\"d1a3919\" data-element_type=\"widget\" data-e-type=\"widget\" data-widget_type=\"button.default\">\n\t\t\t\t<div class=\"elementor-widget-container\">\n\t\t\t\t\t\t\t\t\t<div class=\"elementor-button-wrapper\">\n\t\t\t\t\t<a class=\"elementor-button elementor-button-link elementor-size-sm\" href=\"https:\/\/sailarmada.com\/private-or-group-sailing-holiday\/\">\n\t\t\t\t\t\t<span class=\"elementor-button-content-wrapper\">\n\t\t\t\t\t\t\t\t\t<span class=\"elementor-button-text\">Browse all Routes<\/span>\n\t\t\t\t\t<\/span>\n\t\t\t\t\t<\/a>\n\t\t\t\t<\/div>\n\t\t\t\t\t\t\t\t<\/div>\n\t\t\t\t<\/div>\n\t\t\t\t\t<\/div>\n\t\t<\/div>\n\t\t\t\t\t<\/div>\n\t\t<\/section>\n\t\t\t\t\t<\/div>\n\t\t<\/div>\n\t\t\t\t\t<\/div>\n\t\t<\/section>\n\t\t\t\t<section class=\"elementor-section elementor-top-section elementor-element elementor-element-1ddf34a elementor-section-full_width elementor-section-height-default elementor-section-height-default\" data-id=\"1ddf34a\" data-element_type=\"section\" data-e-type=\"section\" data-settings=\"{&quot;background_background&quot;:&quot;classic&quot;}\">\n\t\t\t\t\t\t<div class=\"elementor-container elementor-column-gap-default\">\n\t\t\t\t\t<div class=\"elementor-column elementor-col-100 elementor-top-column elementor-element elementor-element-9cfdce4\" data-id=\"9cfdce4\" data-element_type=\"column\" data-e-type=\"column\">\n\t\t\t<div class=\"elementor-widget-wrap\">\n\t\t\t\t\t\t\t<\/div>\n\t\t<\/div>\n\t\t\t\t\t<\/div>\n\t\t<\/section>\n\t\t\t\t<\/div>\n\t\t","protected":false},"excerpt":{"rendered":"<p>Drop us a message We will be more than happy to answer any question you might have and plan the perfect sailing escape together. Tailored holiday or planned route, hi-season or off-season period are just a talk away. Let\u2019s plan together! Sail Armada TEAM \u201cWe travel not to escape life, but for life not to [&hellip;]<\/p>\n","protected":false},"author":2,"featured_media":0,"parent":0,"menu_order":0,"comment_status":"closed","ping_status":"closed","template":"elementor_header_footer","meta":{"footnotes":""},"class_list":["post-10982","page","type-page","status-publish","hentry"],"yoast_head":"<!-- This site is optimized with the Yoast SEO Premium plugin v20.1 (Yoast SEO v27.1.1) - https:\/\/yoast.com\/product\/yoast-seo-premium-wordpress\/ -->\n<title>Want to Sail on Your Holidays! - Contact Us | Sail Armada<\/title>\n<meta name=\"description\" content=\"Sail Armada offers the finest sailing experience and premium quality holiday packages. Grab one of the suitable packages or contact us directly for information!\" \/>\n<meta name=\"robots\" content=\"index, follow, max-snippet:-1, max-image-preview:large, max-video-preview:-1\" \/>\n<link rel=\"canonical\" href=\"https:\/\/sailarmada.com\/fr\/contacter\/\" \/>\n<meta property=\"og:locale\" content=\"fr_FR\" \/>\n<meta property=\"og:type\" content=\"article\" \/>\n<meta property=\"og:title\" content=\"Contact\" \/>\n<meta property=\"og:description\" content=\"Drop us a messageWe will be more than happy to answer any question you might have and plan the perfect sailing escape together. Tailored holiday or\" \/>\n<meta property=\"og:url\" content=\"https:\/\/sailarmada.com\/fr\/contacter\/\" \/>\n<meta property=\"og:site_name\" content=\"Sail Armada - Top Sailing Holidays in Greece, Italy and Croatia\" \/>\n<meta property=\"article:publisher\" content=\"https:\/\/www.facebook.com\/sailarmadaholiday\" \/>\n<meta property=\"article:modified_time\" content=\"2024-06-19T14:24:42+00:00\" \/>\n<meta property=\"og:image\" content=\"https:\/\/sailarmada.com\/wp-content\/uploads\/2020\/04\/Sailing-in-greece-with-friends.jpg\" \/>\n\t<meta property=\"og:image:width\" content=\"1200\" \/>\n\t<meta property=\"og:image:height\" content=\"800\" \/>\n\t<meta property=\"og:image:type\" content=\"image\/jpeg\" \/>\n<meta name=\"twitter:card\" content=\"summary_large_image\" \/>\n<meta name=\"twitter:site\" content=\"@sail_armada\" \/>\n<meta name=\"twitter:label1\" content=\"Dur\u00e9e de lecture estim\u00e9e\" \/>\n\t<meta name=\"twitter:data1\" content=\"1 minute\" \/>\n<script type=\"application\/ld+json\" class=\"yoast-schema-graph\">{\"@context\":\"https:\/\/schema.org\",\"@graph\":[{\"@type\":\"WebPage\",\"@id\":\"https:\/\/sailarmada.com\/contact\/\",\"url\":\"https:\/\/sailarmada.com\/contact\/\",\"name\":\"Want to Sail on Your Holidays! - Contact Us | Sail Armada\",\"isPartOf\":{\"@id\":\"https:\/\/sailarmada.com\/#website\"},\"datePublished\":\"2022-06-02T09:08:10+00:00\",\"dateModified\":\"2024-06-19T14:24:42+00:00\",\"description\":\"Sail Armada offers the finest sailing experience and premium quality holiday packages. Grab one of the suitable packages or contact us directly for information!\",\"breadcrumb\":{\"@id\":\"https:\/\/sailarmada.com\/contact\/#breadcrumb\"},\"inLanguage\":\"fr-FR\",\"potentialAction\":[{\"@type\":\"ReadAction\",\"target\":[\"https:\/\/sailarmada.com\/contact\/\"]}]},{\"@type\":\"BreadcrumbList\",\"@id\":\"https:\/\/sailarmada.com\/contact\/#breadcrumb\",\"itemListElement\":[{\"@type\":\"ListItem\",\"position\":1,\"name\":\"Home\",\"item\":\"https:\/\/sailarmada.com\/\"},{\"@type\":\"ListItem\",\"position\":2,\"name\":\"Contact\"}]},{\"@type\":\"WebSite\",\"@id\":\"https:\/\/sailarmada.com\/#website\",\"url\":\"https:\/\/sailarmada.com\/\",\"name\":\"Sail Armada - Top Sailing Holidays in Greece, Italy and Croatia\",\"description\":\"NewSailarmada\",\"publisher\":{\"@id\":\"https:\/\/sailarmada.com\/#organization\"},\"potentialAction\":[{\"@type\":\"SearchAction\",\"target\":{\"@type\":\"EntryPoint\",\"urlTemplate\":\"https:\/\/sailarmada.com\/?s={search_term_string}\"},\"query-input\":{\"@type\":\"PropertyValueSpecification\",\"valueRequired\":true,\"valueName\":\"search_term_string\"}}],\"inLanguage\":\"fr-FR\"},{\"@type\":\"Organization\",\"@id\":\"https:\/\/sailarmada.com\/#organization\",\"name\":\"Sail Armada - Top Sailing Holidays in Greece, Italy and Croatia\",\"url\":\"https:\/\/sailarmada.com\/\",\"logo\":{\"@type\":\"ImageObject\",\"inLanguage\":\"fr-FR\",\"@id\":\"https:\/\/sailarmada.com\/#\/schema\/logo\/image\/\",\"url\":\"https:\/\/sailarmada.com\/wp-content\/uploads\/2022\/10\/cropped-Sail-Armada.png\",\"contentUrl\":\"https:\/\/sailarmada.com\/wp-content\/uploads\/2022\/10\/cropped-Sail-Armada.png\",\"width\":512,\"height\":512,\"caption\":\"Sail Armada - Top Sailing Holidays in Greece, Italy and Croatia\"},\"image\":{\"@id\":\"https:\/\/sailarmada.com\/#\/schema\/logo\/image\/\"},\"sameAs\":[\"https:\/\/www.facebook.com\/sailarmadaholiday\",\"https:\/\/x.com\/sail_armada\",\"https:\/\/www.instagram.com\/sail_armada\/\",\"https:\/\/www.tiktok.com\/sail_armada\"]}]}<\/script>\n<!-- \/ Yoast SEO Premium plugin. -->","yoast_head_json":{"title":"Vous voulez faire de la voile pendant vos vacances ! - Contactez nous | Sail Armada","description":"Sail Armada offre la meilleure exp\u00e9rience de navigation et des forfaits vacances de premi\u00e8re qualit\u00e9. Saisissez l'un des forfaits appropri\u00e9s ou contactez-nous directement pour obtenir des informations !","robots":{"index":"index","follow":"follow","max-snippet":"max-snippet:-1","max-image-preview":"max-image-preview:large","max-video-preview":"max-video-preview:-1"},"canonical":"https:\/\/sailarmada.com\/fr\/contacter\/","og_locale":"fr_FR","og_type":"article","og_title":"Contact","og_description":"Drop us a messageWe will be more than happy to answer any question you might have and plan the perfect sailing escape together. Tailored holiday or","og_url":"https:\/\/sailarmada.com\/fr\/contacter\/","og_site_name":"Sail Armada - Top Sailing Holidays in Greece, Italy and Croatia","article_publisher":"https:\/\/www.facebook.com\/sailarmadaholiday","article_modified_time":"2024-06-19T14:24:42+00:00","og_image":[{"width":1200,"height":800,"url":"https:\/\/sailarmada.com\/wp-content\/uploads\/2020\/04\/Sailing-in-greece-with-friends.jpg","type":"image\/jpeg"}],"twitter_card":"summary_large_image","twitter_site":"@sail_armada","twitter_misc":{"Dur\u00e9e de lecture estim\u00e9e":"1 minute"},"schema":{"@context":"https:\/\/schema.org","@graph":[{"@type":"WebPage","@id":"https:\/\/sailarmada.com\/contact\/","url":"https:\/\/sailarmada.com\/contact\/","name":"Vous voulez faire de la voile pendant vos vacances ! - Contactez nous | Sail Armada","isPartOf":{"@id":"https:\/\/sailarmada.com\/#website"},"datePublished":"2022-06-02T09:08:10+00:00","dateModified":"2024-06-19T14:24:42+00:00","description":"Sail Armada offre la meilleure exp\u00e9rience de navigation et des forfaits vacances de premi\u00e8re qualit\u00e9. Saisissez l'un des forfaits appropri\u00e9s ou contactez-nous directement pour obtenir des informations !","breadcrumb":{"@id":"https:\/\/sailarmada.com\/contact\/#breadcrumb"},"inLanguage":"fr-FR","potentialAction":[{"@type":"ReadAction","target":["https:\/\/sailarmada.com\/contact\/"]}]},{"@type":"BreadcrumbList","@id":"https:\/\/sailarmada.com\/contact\/#breadcrumb","itemListElement":[{"@type":"ListItem","position":1,"name":"Home","item":"https:\/\/sailarmada.com\/"},{"@type":"ListItem","position":2,"name":"Contact"}]},{"@type":"WebSite","@id":"https:\/\/sailarmada.com\/#website","url":"https:\/\/sailarmada.com\/","name":"Sail Armada - Les meilleures vacances \u00e0 la voile en Gr\u00e8ce, en Italie et en Croatie","description":"NewSailarmada","publisher":{"@id":"https:\/\/sailarmada.com\/#organization"},"potentialAction":[{"@type":"SearchAction","target":{"@type":"EntryPoint","urlTemplate":"https:\/\/sailarmada.com\/?s={search_term_string}"},"query-input":{"@type":"PropertyValueSpecification","valueRequired":true,"valueName":"search_term_string"}}],"inLanguage":"fr-FR"},{"@type":"Organization","@id":"https:\/\/sailarmada.com\/#organization","name":"Sail Armada - Les meilleures vacances \u00e0 la voile en Gr\u00e8ce, en Italie et en Croatie","url":"https:\/\/sailarmada.com\/","logo":{"@type":"ImageObject","inLanguage":"fr-FR","@id":"https:\/\/sailarmada.com\/#\/schema\/logo\/image\/","url":"https:\/\/sailarmada.com\/wp-content\/uploads\/2022\/10\/cropped-Sail-Armada.png","contentUrl":"https:\/\/sailarmada.com\/wp-content\/uploads\/2022\/10\/cropped-Sail-Armada.png","width":512,"height":512,"caption":"Sail Armada - Top Sailing Holidays in Greece, Italy and Croatia"},"image":{"@id":"https:\/\/sailarmada.com\/#\/schema\/logo\/image\/"},"sameAs":["https:\/\/www.facebook.com\/sailarmadaholiday","https:\/\/x.com\/sail_armada","https:\/\/www.instagram.com\/sail_armada\/","https:\/\/www.tiktok.com\/sail_armada"]}]}},"_links":{"self":[{"href":"https:\/\/sailarmada.com\/fr\/wp-json\/wp\/v2\/pages\/10982","targetHints":{"allow":["GET"]}}],"collection":[{"href":"https:\/\/sailarmada.com\/fr\/wp-json\/wp\/v2\/pages"}],"about":[{"href":"https:\/\/sailarmada.com\/fr\/wp-json\/wp\/v2\/types\/page"}],"author":[{"embeddable":true,"href":"https:\/\/sailarmada.com\/fr\/wp-json\/wp\/v2\/users\/2"}],"replies":[{"embeddable":true,"href":"https:\/\/sailarmada.com\/fr\/wp-json\/wp\/v2\/comments?post=10982"}],"version-history":[{"count":40,"href":"https:\/\/sailarmada.com\/fr\/wp-json\/wp\/v2\/pages\/10982\/revisions"}],"predecessor-version":[{"id":16752,"href":"https:\/\/sailarmada.com\/fr\/wp-json\/wp\/v2\/pages\/10982\/revisions\/16752"}],"wp:attachment":[{"href":"https:\/\/sailarmada.com\/fr\/wp-json\/wp\/v2\/media?parent=10982"}],"curies":[{"name":"wp","href":"https:\/\/api.w.org\/{rel}","templated":true}]}}