{"id":12321,"date":"2022-06-23T14:50:53","date_gmt":"2022-06-23T14:50:53","guid":{"rendered":"https:\/\/sailarmada.com\/newsailarmada\/?page_id=12321"},"modified":"2023-02-23T21:03:50","modified_gmt":"2023-02-23T21:03:50","slug":"vacances-a-la-voile-privees-ou-en-groupe","status":"publish","type":"page","link":"https:\/\/sailarmada.com\/fr\/private-or-group-sailing-holiday\/","title":{"rendered":"Vacances \u00e0 la voile priv\u00e9es ou en groupe"},"content":{"rendered":"<div data-elementor-type=\"wp-page\" data-elementor-id=\"12321\" class=\"elementor elementor-12321\" data-elementor-post-type=\"page\">\n\t\t\t\t\t\t<section class=\"elementor-section elementor-top-section elementor-element elementor-element-f82ad8d elementor-section-full_width elementor-section-height-min-height elementor-section-height-default elementor-section-items-middle\" data-id=\"f82ad8d\" data-element_type=\"section\" data-e-type=\"section\">\n\t\t\t\t\t\t<div class=\"elementor-container elementor-column-gap-default\">\n\t\t\t\t\t<div class=\"elementor-column elementor-col-50 elementor-top-column elementor-element elementor-element-2b561f4\" data-id=\"2b561f4\" data-element_type=\"column\" data-e-type=\"column\" data-settings=\"{&quot;background_background&quot;:&quot;classic&quot;}\">\n\t\t\t<div class=\"elementor-widget-wrap elementor-element-populated\">\n\t\t\t\t\t<div class=\"elementor-background-overlay\"><\/div>\n\t\t\t\t\t\t<div class=\"elementor-element elementor-element-387be42 elementor-widget elementor-widget-heading\" data-id=\"387be42\" data-element_type=\"widget\" data-e-type=\"widget\" data-widget_type=\"heading.default\">\n\t\t\t\t<div class=\"elementor-widget-container\">\n\t\t\t\t\t<h1 class=\"elementor-heading-title elementor-size-default\">Voile priv\u00e9e<\/h1>\t\t\t\t<\/div>\n\t\t\t\t<\/div>\n\t\t\t\t<div class=\"elementor-element elementor-element-4e64217 elementor-widget-divider--view-line elementor-widget elementor-widget-divider\" data-id=\"4e64217\" data-element_type=\"widget\" data-e-type=\"widget\" data-widget_type=\"divider.default\">\n\t\t\t\t<div class=\"elementor-widget-container\">\n\t\t\t\t\t\t\t<div class=\"elementor-divider\">\n\t\t\t<span class=\"elementor-divider-separator\">\n\t\t\t\t\t\t<\/span>\n\t\t<\/div>\n\t\t\t\t\t\t<\/div>\n\t\t\t\t<\/div>\n\t\t\t\t<div class=\"elementor-element elementor-element-ed86052 elementor-widget__width-initial elementor-widget elementor-widget-text-editor\" data-id=\"ed86052\" data-element_type=\"widget\" data-e-type=\"widget\" data-widget_type=\"text-editor.default\">\n\t\t\t\t<div class=\"elementor-widget-container\">\n\t\t\t\t\t\t\t\t\tAvec les circuits personnalis\u00e9s, vous pouvez avoir un contr\u00f4le total sur vos vacances - sans la flottille. Il n'y a que vous et votre \u00e9quipage, libres d'explorer les \u00eeles \u00e0 votre propre rythme.\t\t\t\t\t\t\t\t<\/div>\n\t\t\t\t<\/div>\n\t\t\t\t<div class=\"elementor-element elementor-element-802d22b elementor-align-center elementor-widget elementor-widget-button\" data-id=\"802d22b\" data-element_type=\"widget\" data-e-type=\"widget\" data-widget_type=\"button.default\">\n\t\t\t\t<div class=\"elementor-widget-container\">\n\t\t\t\t\t\t\t\t\t<div class=\"elementor-button-wrapper\">\n\t\t\t\t\t<a class=\"elementor-button elementor-button-link elementor-size-sm\" href=\"https:\/\/sailarmada.com\/fr\/private-sailing\/\">\n\t\t\t\t\t\t<span class=\"elementor-button-content-wrapper\">\n\t\t\t\t\t\t\t\t\t<span class=\"elementor-button-text\">Faire de la voile<\/span>\n\t\t\t\t\t<\/span>\n\t\t\t\t\t<\/a>\n\t\t\t\t<\/div>\n\t\t\t\t\t\t\t\t<\/div>\n\t\t\t\t<\/div>\n\t\t\t\t\t<\/div>\n\t\t<\/div>\n\t\t\t\t<div class=\"elementor-column elementor-col-50 elementor-top-column elementor-element elementor-element-b5083ac\" data-id=\"b5083ac\" data-element_type=\"column\" data-e-type=\"column\" data-settings=\"{&quot;background_background&quot;:&quot;classic&quot;}\">\n\t\t\t<div class=\"elementor-widget-wrap elementor-element-populated\">\n\t\t\t\t\t<div class=\"elementor-background-overlay\"><\/div>\n\t\t\t\t\t\t<div class=\"elementor-element elementor-element-bdfb940 elementor-widget elementor-widget-heading\" data-id=\"bdfb940\" data-element_type=\"widget\" data-e-type=\"widget\" data-widget_type=\"heading.default\">\n\t\t\t\t<div class=\"elementor-widget-container\">\n\t\t\t\t\t<h2 class=\"elementor-heading-title elementor-size-default\">Voile en groupe<\/h2>\t\t\t\t<\/div>\n\t\t\t\t<\/div>\n\t\t\t\t<div class=\"elementor-element elementor-element-03d5e87 elementor-widget-divider--view-line elementor-widget elementor-widget-divider\" data-id=\"03d5e87\" data-element_type=\"widget\" data-e-type=\"widget\" data-widget_type=\"divider.default\">\n\t\t\t\t<div class=\"elementor-widget-container\">\n\t\t\t\t\t\t\t<div class=\"elementor-divider\">\n\t\t\t<span class=\"elementor-divider-separator\">\n\t\t\t\t\t\t<\/span>\n\t\t<\/div>\n\t\t\t\t\t\t<\/div>\n\t\t\t\t<\/div>\n\t\t\t\t<div class=\"elementor-element elementor-element-83d2662 elementor-widget__width-initial elementor-widget elementor-widget-text-editor\" data-id=\"83d2662\" data-element_type=\"widget\" data-e-type=\"widget\" data-widget_type=\"text-editor.default\">\n\t\t\t\t<div class=\"elementor-widget-container\">\n\t\t\t\t\t\t\t\t\tUne flottille de personnes partageant les m\u00eames id\u00e9es, profitant des grandes eaux, avec jusqu'\u00e0 huit bateaux naviguant sur le m\u00eame itin\u00e9raire. Faites-vous de nouveaux amis ou d\u00e9tendez-vous \u00e0 votre fa\u00e7on.\t\t\t\t\t\t\t\t<\/div>\n\t\t\t\t<\/div>\n\t\t\t\t<div class=\"elementor-element elementor-element-25f1a89 elementor-align-center elementor-widget elementor-widget-button\" data-id=\"25f1a89\" data-element_type=\"widget\" data-e-type=\"widget\" data-widget_type=\"button.default\">\n\t\t\t\t<div class=\"elementor-widget-container\">\n\t\t\t\t\t\t\t\t\t<div class=\"elementor-button-wrapper\">\n\t\t\t\t\t<a class=\"elementor-button elementor-button-link elementor-size-sm\" href=\"https:\/\/sailarmada.com\/fr\/group-sailing-holidays\/\">\n\t\t\t\t\t\t<span class=\"elementor-button-content-wrapper\">\n\t\t\t\t\t\t\t\t\t<span class=\"elementor-button-text\">Faire de la voile<\/span>\n\t\t\t\t\t<\/span>\n\t\t\t\t\t<\/a>\n\t\t\t\t<\/div>\n\t\t\t\t\t\t\t\t<\/div>\n\t\t\t\t<\/div>\n\t\t\t\t\t<\/div>\n\t\t<\/div>\n\t\t\t\t\t<\/div>\n\t\t<\/section>\n\t\t\t\t<\/div>","protected":false},"excerpt":{"rendered":"<p>Private Sailing With personalized tours, you can have complete control over your holiday &#8211; without the flotilla. It&#8217;s just you, your crew, free to explore the islands at your own pace. Go Sailing Group Sailing A flotilla fo like-minded people, enjoying the wide waters, with up to eight boats sailing on the same route. Get [&hellip;]<\/p>\n","protected":false},"author":2,"featured_media":0,"parent":0,"menu_order":0,"comment_status":"closed","ping_status":"closed","template":"elementor_header_footer","meta":{"footnotes":""},"class_list":["post-12321","page","type-page","status-publish","hentry"],"yoast_head":"<!-- This site is optimized with the Yoast SEO Premium plugin v20.1 (Yoast SEO v27.1.1) - https:\/\/yoast.com\/product\/yoast-seo-premium-wordpress\/ -->\n<title>Private Or Group Sailing Holiday | Sail Armada - Top Sailing Holidays in Greece, Italy and Croatia<\/title>\n<meta name=\"description\" content=\"Whether you want to spend your sailing holiday privately with friends and family or want to make new friends with group sailing, Sail Armada is here to help you!\" \/>\n<meta name=\"robots\" content=\"index, follow, max-snippet:-1, max-image-preview:large, max-video-preview:-1\" \/>\n<link rel=\"canonical\" href=\"https:\/\/sailarmada.com\/fr\/vacances-a-la-voile-privees-ou-en-groupe\/\" \/>\n<meta property=\"og:locale\" content=\"fr_FR\" \/>\n<meta property=\"og:type\" content=\"article\" \/>\n<meta property=\"og:title\" content=\"Private Or Group Sailing Holiday\" \/>\n<meta property=\"og:description\" content=\"Private Sailing With personalized tours, you can have complete control over your holiday - without the flotilla. It&#039;s just you, your crew, free to explore\" \/>\n<meta property=\"og:url\" content=\"https:\/\/sailarmada.com\/fr\/vacances-a-la-voile-privees-ou-en-groupe\/\" \/>\n<meta property=\"og:site_name\" content=\"Sail Armada - Top Sailing Holidays in Greece, Italy and Croatia\" \/>\n<meta property=\"article:publisher\" content=\"https:\/\/www.facebook.com\/sailarmadaholiday\" \/>\n<meta property=\"article:modified_time\" content=\"2023-02-23T21:03:50+00:00\" \/>\n<meta property=\"og:image\" content=\"https:\/\/sailarmada.com\/wp-content\/uploads\/2020\/04\/Sailing-in-greece-with-friends.jpg\" \/>\n\t<meta property=\"og:image:width\" content=\"1200\" \/>\n\t<meta property=\"og:image:height\" content=\"800\" \/>\n\t<meta property=\"og:image:type\" content=\"image\/jpeg\" \/>\n<meta name=\"twitter:card\" content=\"summary_large_image\" \/>\n<meta name=\"twitter:site\" content=\"@sail_armada\" \/>\n<meta name=\"twitter:label1\" content=\"Dur\u00e9e de lecture estim\u00e9e\" \/>\n\t<meta name=\"twitter:data1\" content=\"1 minute\" \/>\n<script type=\"application\/ld+json\" class=\"yoast-schema-graph\">{\"@context\":\"https:\/\/schema.org\",\"@graph\":[{\"@type\":\"WebPage\",\"@id\":\"https:\/\/sailarmada.com\/private-or-group-sailing-holiday\/\",\"url\":\"https:\/\/sailarmada.com\/private-or-group-sailing-holiday\/\",\"name\":\"Private Or Group Sailing Holiday | Sail Armada - Top Sailing Holidays in Greece, Italy and Croatia\",\"isPartOf\":{\"@id\":\"https:\/\/sailarmada.com\/#website\"},\"datePublished\":\"2022-06-23T14:50:53+00:00\",\"dateModified\":\"2023-02-23T21:03:50+00:00\",\"description\":\"Whether you want to spend your sailing holiday privately with friends and family or want to make new friends with group sailing, Sail Armada is here to help you!\",\"breadcrumb\":{\"@id\":\"https:\/\/sailarmada.com\/private-or-group-sailing-holiday\/#breadcrumb\"},\"inLanguage\":\"fr-FR\",\"potentialAction\":[{\"@type\":\"ReadAction\",\"target\":[\"https:\/\/sailarmada.com\/private-or-group-sailing-holiday\/\"]}]},{\"@type\":\"BreadcrumbList\",\"@id\":\"https:\/\/sailarmada.com\/private-or-group-sailing-holiday\/#breadcrumb\",\"itemListElement\":[{\"@type\":\"ListItem\",\"position\":1,\"name\":\"Home\",\"item\":\"https:\/\/sailarmada.com\/\"},{\"@type\":\"ListItem\",\"position\":2,\"name\":\"Private Or Group Sailing Holiday\"}]},{\"@type\":\"WebSite\",\"@id\":\"https:\/\/sailarmada.com\/#website\",\"url\":\"https:\/\/sailarmada.com\/\",\"name\":\"Sail Armada - Top Sailing Holidays in Greece, Italy and Croatia\",\"description\":\"NewSailarmada\",\"publisher\":{\"@id\":\"https:\/\/sailarmada.com\/#organization\"},\"potentialAction\":[{\"@type\":\"SearchAction\",\"target\":{\"@type\":\"EntryPoint\",\"urlTemplate\":\"https:\/\/sailarmada.com\/?s={search_term_string}\"},\"query-input\":{\"@type\":\"PropertyValueSpecification\",\"valueRequired\":true,\"valueName\":\"search_term_string\"}}],\"inLanguage\":\"fr-FR\"},{\"@type\":\"Organization\",\"@id\":\"https:\/\/sailarmada.com\/#organization\",\"name\":\"Sail Armada - Top Sailing Holidays in Greece, Italy and Croatia\",\"url\":\"https:\/\/sailarmada.com\/\",\"logo\":{\"@type\":\"ImageObject\",\"inLanguage\":\"fr-FR\",\"@id\":\"https:\/\/sailarmada.com\/#\/schema\/logo\/image\/\",\"url\":\"https:\/\/sailarmada.com\/wp-content\/uploads\/2022\/10\/cropped-Sail-Armada.png\",\"contentUrl\":\"https:\/\/sailarmada.com\/wp-content\/uploads\/2022\/10\/cropped-Sail-Armada.png\",\"width\":512,\"height\":512,\"caption\":\"Sail Armada - Top Sailing Holidays in Greece, Italy and Croatia\"},\"image\":{\"@id\":\"https:\/\/sailarmada.com\/#\/schema\/logo\/image\/\"},\"sameAs\":[\"https:\/\/www.facebook.com\/sailarmadaholiday\",\"https:\/\/x.com\/sail_armada\",\"https:\/\/www.instagram.com\/sail_armada\/\",\"https:\/\/www.tiktok.com\/sail_armada\"]}]}<\/script>\n<!-- \/ Yoast SEO Premium plugin. -->","yoast_head_json":{"title":"Vacances \u00e0 la voile en priv\u00e9 ou en groupe | Sail Armada - Top Sailing Holidays in Greece, Italy and Croatia","description":"Que vous souhaitiez passer vos vacances \u00e0 la voile en priv\u00e9 avec vos amis et votre famille ou que vous vouliez vous faire de nouveaux amis en faisant de la voile en groupe, Sail Armada est l\u00e0 pour vous aider !","robots":{"index":"index","follow":"follow","max-snippet":"max-snippet:-1","max-image-preview":"max-image-preview:large","max-video-preview":"max-video-preview:-1"},"canonical":"https:\/\/sailarmada.com\/fr\/vacances-a-la-voile-privees-ou-en-groupe\/","og_locale":"fr_FR","og_type":"article","og_title":"Private Or Group Sailing Holiday","og_description":"Private Sailing With personalized tours, you can have complete control over your holiday - without the flotilla. It's just you, your crew, free to explore","og_url":"https:\/\/sailarmada.com\/fr\/vacances-a-la-voile-privees-ou-en-groupe\/","og_site_name":"Sail Armada - Top Sailing Holidays in Greece, Italy and Croatia","article_publisher":"https:\/\/www.facebook.com\/sailarmadaholiday","article_modified_time":"2023-02-23T21:03:50+00:00","og_image":[{"width":1200,"height":800,"url":"https:\/\/sailarmada.com\/wp-content\/uploads\/2020\/04\/Sailing-in-greece-with-friends.jpg","type":"image\/jpeg"}],"twitter_card":"summary_large_image","twitter_site":"@sail_armada","twitter_misc":{"Dur\u00e9e de lecture estim\u00e9e":"1 minute"},"schema":{"@context":"https:\/\/schema.org","@graph":[{"@type":"WebPage","@id":"https:\/\/sailarmada.com\/private-or-group-sailing-holiday\/","url":"https:\/\/sailarmada.com\/private-or-group-sailing-holiday\/","name":"Vacances \u00e0 la voile en priv\u00e9 ou en groupe | Sail Armada - Top Sailing Holidays in Greece, Italy and Croatia","isPartOf":{"@id":"https:\/\/sailarmada.com\/#website"},"datePublished":"2022-06-23T14:50:53+00:00","dateModified":"2023-02-23T21:03:50+00:00","description":"Que vous souhaitiez passer vos vacances \u00e0 la voile en priv\u00e9 avec vos amis et votre famille ou que vous vouliez vous faire de nouveaux amis en faisant de la voile en groupe, Sail Armada est l\u00e0 pour vous aider !","breadcrumb":{"@id":"https:\/\/sailarmada.com\/private-or-group-sailing-holiday\/#breadcrumb"},"inLanguage":"fr-FR","potentialAction":[{"@type":"ReadAction","target":["https:\/\/sailarmada.com\/private-or-group-sailing-holiday\/"]}]},{"@type":"BreadcrumbList","@id":"https:\/\/sailarmada.com\/private-or-group-sailing-holiday\/#breadcrumb","itemListElement":[{"@type":"ListItem","position":1,"name":"Home","item":"https:\/\/sailarmada.com\/"},{"@type":"ListItem","position":2,"name":"Private Or Group Sailing Holiday"}]},{"@type":"WebSite","@id":"https:\/\/sailarmada.com\/#website","url":"https:\/\/sailarmada.com\/","name":"Sail Armada - Les meilleures vacances \u00e0 la voile en Gr\u00e8ce, en Italie et en Croatie","description":"NewSailarmada","publisher":{"@id":"https:\/\/sailarmada.com\/#organization"},"potentialAction":[{"@type":"SearchAction","target":{"@type":"EntryPoint","urlTemplate":"https:\/\/sailarmada.com\/?s={search_term_string}"},"query-input":{"@type":"PropertyValueSpecification","valueRequired":true,"valueName":"search_term_string"}}],"inLanguage":"fr-FR"},{"@type":"Organization","@id":"https:\/\/sailarmada.com\/#organization","name":"Sail Armada - Les meilleures vacances \u00e0 la voile en Gr\u00e8ce, en Italie et en Croatie","url":"https:\/\/sailarmada.com\/","logo":{"@type":"ImageObject","inLanguage":"fr-FR","@id":"https:\/\/sailarmada.com\/#\/schema\/logo\/image\/","url":"https:\/\/sailarmada.com\/wp-content\/uploads\/2022\/10\/cropped-Sail-Armada.png","contentUrl":"https:\/\/sailarmada.com\/wp-content\/uploads\/2022\/10\/cropped-Sail-Armada.png","width":512,"height":512,"caption":"Sail Armada - Top Sailing Holidays in Greece, Italy and Croatia"},"image":{"@id":"https:\/\/sailarmada.com\/#\/schema\/logo\/image\/"},"sameAs":["https:\/\/www.facebook.com\/sailarmadaholiday","https:\/\/x.com\/sail_armada","https:\/\/www.instagram.com\/sail_armada\/","https:\/\/www.tiktok.com\/sail_armada"]}]}},"_links":{"self":[{"href":"https:\/\/sailarmada.com\/fr\/wp-json\/wp\/v2\/pages\/12321","targetHints":{"allow":["GET"]}}],"collection":[{"href":"https:\/\/sailarmada.com\/fr\/wp-json\/wp\/v2\/pages"}],"about":[{"href":"https:\/\/sailarmada.com\/fr\/wp-json\/wp\/v2\/types\/page"}],"author":[{"embeddable":true,"href":"https:\/\/sailarmada.com\/fr\/wp-json\/wp\/v2\/users\/2"}],"replies":[{"embeddable":true,"href":"https:\/\/sailarmada.com\/fr\/wp-json\/wp\/v2\/comments?post=12321"}],"version-history":[{"count":4,"href":"https:\/\/sailarmada.com\/fr\/wp-json\/wp\/v2\/pages\/12321\/revisions"}],"predecessor-version":[{"id":15259,"href":"https:\/\/sailarmada.com\/fr\/wp-json\/wp\/v2\/pages\/12321\/revisions\/15259"}],"wp:attachment":[{"href":"https:\/\/sailarmada.com\/fr\/wp-json\/wp\/v2\/media?parent=12321"}],"curies":[{"name":"wp","href":"https:\/\/api.w.org\/{rel}","templated":true}]}}