{"id":12321,"date":"2022-06-23T14:50:53","date_gmt":"2022-06-23T14:50:53","guid":{"rendered":"https:\/\/sailarmada.com\/newsailarmada\/?page_id=12321"},"modified":"2023-02-23T21:03:50","modified_gmt":"2023-02-23T21:03:50","slug":"privat-sau-de-grup-sailing-vacanta-de-vacanta","status":"publish","type":"page","link":"https:\/\/sailarmada.com\/ro\/private-or-group-sailing-holiday\/","title":{"rendered":"Privat sau de grup Sailing Holiday"},"content":{"rendered":"<div data-elementor-type=\"wp-page\" data-elementor-id=\"12321\" class=\"elementor elementor-12321\" data-elementor-post-type=\"page\">\n\t\t\t\t\t\t<section class=\"elementor-section elementor-top-section elementor-element elementor-element-f82ad8d elementor-section-full_width elementor-section-height-min-height elementor-section-height-default elementor-section-items-middle\" data-id=\"f82ad8d\" data-element_type=\"section\" data-e-type=\"section\">\n\t\t\t\t\t\t<div class=\"elementor-container elementor-column-gap-default\">\n\t\t\t\t\t<div class=\"elementor-column elementor-col-50 elementor-top-column elementor-element elementor-element-2b561f4\" data-id=\"2b561f4\" data-element_type=\"column\" data-e-type=\"column\" data-settings=\"{&quot;background_background&quot;:&quot;classic&quot;}\">\n\t\t\t<div class=\"elementor-widget-wrap elementor-element-populated\">\n\t\t\t\t\t<div class=\"elementor-background-overlay\"><\/div>\n\t\t\t\t\t\t<div class=\"elementor-element elementor-element-387be42 elementor-widget elementor-widget-heading\" data-id=\"387be42\" data-element_type=\"widget\" data-e-type=\"widget\" data-widget_type=\"heading.default\">\n\t\t\t\t<div class=\"elementor-widget-container\">\n\t\t\t\t\t<h1 class=\"elementor-heading-title elementor-size-default\">Private Sailing<\/h1>\t\t\t\t<\/div>\n\t\t\t\t<\/div>\n\t\t\t\t<div class=\"elementor-element elementor-element-4e64217 elementor-widget-divider--view-line elementor-widget elementor-widget-divider\" data-id=\"4e64217\" data-element_type=\"widget\" data-e-type=\"widget\" data-widget_type=\"divider.default\">\n\t\t\t\t<div class=\"elementor-widget-container\">\n\t\t\t\t\t\t\t<div class=\"elementor-divider\">\n\t\t\t<span class=\"elementor-divider-separator\">\n\t\t\t\t\t\t<\/span>\n\t\t<\/div>\n\t\t\t\t\t\t<\/div>\n\t\t\t\t<\/div>\n\t\t\t\t<div class=\"elementor-element elementor-element-ed86052 elementor-widget__width-initial elementor-widget elementor-widget-text-editor\" data-id=\"ed86052\" data-element_type=\"widget\" data-e-type=\"widget\" data-widget_type=\"text-editor.default\">\n\t\t\t\t<div class=\"elementor-widget-container\">\n\t\t\t\t\t\t\t\t\tPrivate \u00eenseamn\u0103 un tur personalizat, \u00een care ai control complet asupra vacan\u021bei tale - f\u0103r\u0103 flotil\u0103. E\u0219ti doar tu \u0219i echipajul t\u0103u, liberi s\u0103 explora\u021bi insulele \u0219i s\u0103 v\u0103 distra\u021bi \u00een ritmul vostru.\t\t\t\t\t\t\t\t<\/div>\n\t\t\t\t<\/div>\n\t\t\t\t<div class=\"elementor-element elementor-element-802d22b elementor-align-center elementor-widget elementor-widget-button\" data-id=\"802d22b\" data-element_type=\"widget\" data-e-type=\"widget\" data-widget_type=\"button.default\">\n\t\t\t\t<div class=\"elementor-widget-container\">\n\t\t\t\t\t\t\t\t\t<div class=\"elementor-button-wrapper\">\n\t\t\t\t\t<a class=\"elementor-button elementor-button-link elementor-size-sm\" href=\"https:\/\/sailarmada.com\/ro\/private-sailing\/\">\n\t\t\t\t\t\t<span class=\"elementor-button-content-wrapper\">\n\t\t\t\t\t\t\t\t\t<span class=\"elementor-button-text\">GO Sailing<\/span>\n\t\t\t\t\t<\/span>\n\t\t\t\t\t<\/a>\n\t\t\t\t<\/div>\n\t\t\t\t\t\t\t\t<\/div>\n\t\t\t\t<\/div>\n\t\t\t\t\t<\/div>\n\t\t<\/div>\n\t\t\t\t<div class=\"elementor-column elementor-col-50 elementor-top-column elementor-element elementor-element-b5083ac\" data-id=\"b5083ac\" data-element_type=\"column\" data-e-type=\"column\" data-settings=\"{&quot;background_background&quot;:&quot;classic&quot;}\">\n\t\t\t<div class=\"elementor-widget-wrap elementor-element-populated\">\n\t\t\t\t\t<div class=\"elementor-background-overlay\"><\/div>\n\t\t\t\t\t\t<div class=\"elementor-element elementor-element-bdfb940 elementor-widget elementor-widget-heading\" data-id=\"bdfb940\" data-element_type=\"widget\" data-e-type=\"widget\" data-widget_type=\"heading.default\">\n\t\t\t\t<div class=\"elementor-widget-container\">\n\t\t\t\t\t<h2 class=\"elementor-heading-title elementor-size-default\">Group Sailing<\/h2>\t\t\t\t<\/div>\n\t\t\t\t<\/div>\n\t\t\t\t<div class=\"elementor-element elementor-element-03d5e87 elementor-widget-divider--view-line elementor-widget elementor-widget-divider\" data-id=\"03d5e87\" data-element_type=\"widget\" data-e-type=\"widget\" data-widget_type=\"divider.default\">\n\t\t\t\t<div class=\"elementor-widget-container\">\n\t\t\t\t\t\t\t<div class=\"elementor-divider\">\n\t\t\t<span class=\"elementor-divider-separator\">\n\t\t\t\t\t\t<\/span>\n\t\t<\/div>\n\t\t\t\t\t\t<\/div>\n\t\t\t\t<\/div>\n\t\t\t\t<div class=\"elementor-element elementor-element-83d2662 elementor-widget__width-initial elementor-widget elementor-widget-text-editor\" data-id=\"83d2662\" data-element_type=\"widget\" data-e-type=\"widget\" data-widget_type=\"text-editor.default\">\n\t\t\t\t<div class=\"elementor-widget-container\">\n\t\t\t\t\t\t\t\t\tO flotil\u0103 de p\u00e2n\u0103 la opt b\u0103rci, care navigheaz\u0103 pe acela\u0219i traseu, cu spirite libere la bord, \u00een c\u0103utare de aventur\u0103 \u0219i distrac\u021bie pe mare. Socializeaz\u0103 \u0219i f\u0103-\u021bi prieteni noi sau relaxeaz\u0103-te \u00een stilul t\u0103u.\t\t\t\t\t\t\t\t<\/div>\n\t\t\t\t<\/div>\n\t\t\t\t<div class=\"elementor-element elementor-element-25f1a89 elementor-align-center elementor-widget elementor-widget-button\" data-id=\"25f1a89\" data-element_type=\"widget\" data-e-type=\"widget\" data-widget_type=\"button.default\">\n\t\t\t\t<div class=\"elementor-widget-container\">\n\t\t\t\t\t\t\t\t\t<div class=\"elementor-button-wrapper\">\n\t\t\t\t\t<a class=\"elementor-button elementor-button-link elementor-size-sm\" href=\"https:\/\/sailarmada.com\/ro\/group-sailing-holidays\/\">\n\t\t\t\t\t\t<span class=\"elementor-button-content-wrapper\">\n\t\t\t\t\t\t\t\t\t<span class=\"elementor-button-text\">GO Sailing<\/span>\n\t\t\t\t\t<\/span>\n\t\t\t\t\t<\/a>\n\t\t\t\t<\/div>\n\t\t\t\t\t\t\t\t<\/div>\n\t\t\t\t<\/div>\n\t\t\t\t\t<\/div>\n\t\t<\/div>\n\t\t\t\t\t<\/div>\n\t\t<\/section>\n\t\t\t\t<\/div>","protected":false},"excerpt":{"rendered":"<p>Private Sailing With personalized tours, you can have complete control over your holiday &#8211; without the flotilla. It&#8217;s just you, your crew, free to explore the islands at your own pace. Go Sailing Group Sailing A flotilla fo like-minded people, enjoying the wide waters, with up to eight boats sailing on the same route. Get [&hellip;]<\/p>\n","protected":false},"author":2,"featured_media":0,"parent":0,"menu_order":0,"comment_status":"closed","ping_status":"closed","template":"elementor_header_footer","meta":{"footnotes":""},"class_list":["post-12321","page","type-page","status-publish","hentry"],"yoast_head":"<!-- This site is optimized with the Yoast SEO Premium plugin v20.1 (Yoast SEO v27.1.1) - https:\/\/yoast.com\/product\/yoast-seo-premium-wordpress\/ -->\n<title>Private Or Group Sailing Holiday | Sail Armada - Top Sailing Holidays in Greece, Italy and Croatia<\/title>\n<meta name=\"description\" content=\"Whether you want to spend your sailing holiday privately with friends and family or want to make new friends with group sailing, Sail Armada is here to help you!\" \/>\n<meta name=\"robots\" content=\"index, follow, max-snippet:-1, max-image-preview:large, max-video-preview:-1\" \/>\n<link rel=\"canonical\" href=\"https:\/\/sailarmada.com\/ro\/privat-sau-de-grup-sailing-vacanta-de-vacanta\/\" \/>\n<meta property=\"og:locale\" content=\"ro_RO\" \/>\n<meta property=\"og:type\" content=\"article\" \/>\n<meta property=\"og:title\" content=\"Private Or Group Sailing Holiday\" \/>\n<meta property=\"og:description\" content=\"Private Sailing With personalized tours, you can have complete control over your holiday - without the flotilla. It&#039;s just you, your crew, free to explore\" \/>\n<meta property=\"og:url\" content=\"https:\/\/sailarmada.com\/ro\/privat-sau-de-grup-sailing-vacanta-de-vacanta\/\" \/>\n<meta property=\"og:site_name\" content=\"Sail Armada - Top Sailing Holidays in Greece, Italy and Croatia\" \/>\n<meta property=\"article:publisher\" content=\"https:\/\/www.facebook.com\/sailarmadaholiday\" \/>\n<meta property=\"article:modified_time\" content=\"2023-02-23T21:03:50+00:00\" \/>\n<meta property=\"og:image\" content=\"https:\/\/sailarmada.com\/wp-content\/uploads\/2020\/04\/Sailing-in-greece-with-friends.jpg\" \/>\n\t<meta property=\"og:image:width\" content=\"1200\" \/>\n\t<meta property=\"og:image:height\" content=\"800\" \/>\n\t<meta property=\"og:image:type\" content=\"image\/jpeg\" \/>\n<meta name=\"twitter:card\" content=\"summary_large_image\" \/>\n<meta name=\"twitter:site\" content=\"@sail_armada\" \/>\n<meta name=\"twitter:label1\" content=\"Timp estimat pentru citire\" \/>\n\t<meta name=\"twitter:data1\" content=\"1 minut\" \/>\n<script type=\"application\/ld+json\" class=\"yoast-schema-graph\">{\"@context\":\"https:\/\/schema.org\",\"@graph\":[{\"@type\":\"WebPage\",\"@id\":\"https:\/\/sailarmada.com\/private-or-group-sailing-holiday\/\",\"url\":\"https:\/\/sailarmada.com\/private-or-group-sailing-holiday\/\",\"name\":\"Private Or Group Sailing Holiday | Sail Armada - Top Sailing Holidays in Greece, Italy and Croatia\",\"isPartOf\":{\"@id\":\"https:\/\/sailarmada.com\/#website\"},\"datePublished\":\"2022-06-23T14:50:53+00:00\",\"dateModified\":\"2023-02-23T21:03:50+00:00\",\"description\":\"Whether you want to spend your sailing holiday privately with friends and family or want to make new friends with group sailing, Sail Armada is here to help you!\",\"breadcrumb\":{\"@id\":\"https:\/\/sailarmada.com\/private-or-group-sailing-holiday\/#breadcrumb\"},\"inLanguage\":\"ro-RO\",\"potentialAction\":[{\"@type\":\"ReadAction\",\"target\":[\"https:\/\/sailarmada.com\/private-or-group-sailing-holiday\/\"]}]},{\"@type\":\"BreadcrumbList\",\"@id\":\"https:\/\/sailarmada.com\/private-or-group-sailing-holiday\/#breadcrumb\",\"itemListElement\":[{\"@type\":\"ListItem\",\"position\":1,\"name\":\"Home\",\"item\":\"https:\/\/sailarmada.com\/\"},{\"@type\":\"ListItem\",\"position\":2,\"name\":\"Private Or Group Sailing Holiday\"}]},{\"@type\":\"WebSite\",\"@id\":\"https:\/\/sailarmada.com\/#website\",\"url\":\"https:\/\/sailarmada.com\/\",\"name\":\"Sail Armada - Top Sailing Holidays in Greece, Italy and Croatia\",\"description\":\"NewSailarmada\",\"publisher\":{\"@id\":\"https:\/\/sailarmada.com\/#organization\"},\"potentialAction\":[{\"@type\":\"SearchAction\",\"target\":{\"@type\":\"EntryPoint\",\"urlTemplate\":\"https:\/\/sailarmada.com\/?s={search_term_string}\"},\"query-input\":{\"@type\":\"PropertyValueSpecification\",\"valueRequired\":true,\"valueName\":\"search_term_string\"}}],\"inLanguage\":\"ro-RO\"},{\"@type\":\"Organization\",\"@id\":\"https:\/\/sailarmada.com\/#organization\",\"name\":\"Sail Armada - Top Sailing Holidays in Greece, Italy and Croatia\",\"url\":\"https:\/\/sailarmada.com\/\",\"logo\":{\"@type\":\"ImageObject\",\"inLanguage\":\"ro-RO\",\"@id\":\"https:\/\/sailarmada.com\/#\/schema\/logo\/image\/\",\"url\":\"https:\/\/sailarmada.com\/wp-content\/uploads\/2022\/10\/cropped-Sail-Armada.png\",\"contentUrl\":\"https:\/\/sailarmada.com\/wp-content\/uploads\/2022\/10\/cropped-Sail-Armada.png\",\"width\":512,\"height\":512,\"caption\":\"Sail Armada - Top Sailing Holidays in Greece, Italy and Croatia\"},\"image\":{\"@id\":\"https:\/\/sailarmada.com\/#\/schema\/logo\/image\/\"},\"sameAs\":[\"https:\/\/www.facebook.com\/sailarmadaholiday\",\"https:\/\/x.com\/sail_armada\",\"https:\/\/www.instagram.com\/sail_armada\/\",\"https:\/\/www.tiktok.com\/sail_armada\"]}]}<\/script>\n<!-- \/ Yoast SEO Premium plugin. -->","yoast_head_json":{"title":"Vacan\u021b\u0103 de naviga\u021bie privat\u0103 sau de grup | Sail Armada - Vacan\u021be de naviga\u021bie de top \u00een Grecia, Italia \u0219i Croa\u021bia","description":"Fie c\u0103 dori\u021bi s\u0103 v\u0103 petrece\u021bi vacan\u021ba de naviga\u021bie \u00een particular cu prietenii \u0219i familia sau dori\u021bi s\u0103 v\u0103 face\u021bi noi prieteni cu navigarea \u00een grup, Sail Armada este aici pentru a v\u0103 ajuta!","robots":{"index":"index","follow":"follow","max-snippet":"max-snippet:-1","max-image-preview":"max-image-preview:large","max-video-preview":"max-video-preview:-1"},"canonical":"https:\/\/sailarmada.com\/ro\/privat-sau-de-grup-sailing-vacanta-de-vacanta\/","og_locale":"ro_RO","og_type":"article","og_title":"Private Or Group Sailing Holiday","og_description":"Private Sailing With personalized tours, you can have complete control over your holiday - without the flotilla. It's just you, your crew, free to explore","og_url":"https:\/\/sailarmada.com\/ro\/privat-sau-de-grup-sailing-vacanta-de-vacanta\/","og_site_name":"Sail Armada - Top Sailing Holidays in Greece, Italy and Croatia","article_publisher":"https:\/\/www.facebook.com\/sailarmadaholiday","article_modified_time":"2023-02-23T21:03:50+00:00","og_image":[{"width":1200,"height":800,"url":"https:\/\/sailarmada.com\/wp-content\/uploads\/2020\/04\/Sailing-in-greece-with-friends.jpg","type":"image\/jpeg"}],"twitter_card":"summary_large_image","twitter_site":"@sail_armada","twitter_misc":{"Timp estimat pentru citire":"1 minut"},"schema":{"@context":"https:\/\/schema.org","@graph":[{"@type":"WebPage","@id":"https:\/\/sailarmada.com\/private-or-group-sailing-holiday\/","url":"https:\/\/sailarmada.com\/private-or-group-sailing-holiday\/","name":"Vacan\u021b\u0103 de naviga\u021bie privat\u0103 sau de grup | Sail Armada - Vacan\u021be de naviga\u021bie de top \u00een Grecia, Italia \u0219i Croa\u021bia","isPartOf":{"@id":"https:\/\/sailarmada.com\/#website"},"datePublished":"2022-06-23T14:50:53+00:00","dateModified":"2023-02-23T21:03:50+00:00","description":"Fie c\u0103 dori\u021bi s\u0103 v\u0103 petrece\u021bi vacan\u021ba de naviga\u021bie \u00een particular cu prietenii \u0219i familia sau dori\u021bi s\u0103 v\u0103 face\u021bi noi prieteni cu navigarea \u00een grup, Sail Armada este aici pentru a v\u0103 ajuta!","breadcrumb":{"@id":"https:\/\/sailarmada.com\/private-or-group-sailing-holiday\/#breadcrumb"},"inLanguage":"ro-RO","potentialAction":[{"@type":"ReadAction","target":["https:\/\/sailarmada.com\/private-or-group-sailing-holiday\/"]}]},{"@type":"BreadcrumbList","@id":"https:\/\/sailarmada.com\/private-or-group-sailing-holiday\/#breadcrumb","itemListElement":[{"@type":"ListItem","position":1,"name":"Home","item":"https:\/\/sailarmada.com\/"},{"@type":"ListItem","position":2,"name":"Private Or Group Sailing Holiday"}]},{"@type":"WebSite","@id":"https:\/\/sailarmada.com\/#website","url":"https:\/\/sailarmada.com\/","name":"Sail Armada - Vacan\u021be de Sailing pe Yacht | Inchiriere Catamaran si Velier in Grecia, Croatia si Italia","description":"NewSailarmada","publisher":{"@id":"https:\/\/sailarmada.com\/#organization"},"potentialAction":[{"@type":"SearchAction","target":{"@type":"EntryPoint","urlTemplate":"https:\/\/sailarmada.com\/?s={search_term_string}"},"query-input":{"@type":"PropertyValueSpecification","valueRequired":true,"valueName":"search_term_string"}}],"inLanguage":"ro-RO"},{"@type":"Organization","@id":"https:\/\/sailarmada.com\/#organization","name":"Sail Armada - Vacan\u021be de Sailing pe Yacht | Inchiriere Catamaran si Velier in Grecia, Croatia si Italia","url":"https:\/\/sailarmada.com\/","logo":{"@type":"ImageObject","inLanguage":"ro-RO","@id":"https:\/\/sailarmada.com\/#\/schema\/logo\/image\/","url":"https:\/\/sailarmada.com\/wp-content\/uploads\/2022\/10\/cropped-Sail-Armada.png","contentUrl":"https:\/\/sailarmada.com\/wp-content\/uploads\/2022\/10\/cropped-Sail-Armada.png","width":512,"height":512,"caption":"Sail Armada - Top Sailing Holidays in Greece, Italy and Croatia"},"image":{"@id":"https:\/\/sailarmada.com\/#\/schema\/logo\/image\/"},"sameAs":["https:\/\/www.facebook.com\/sailarmadaholiday","https:\/\/x.com\/sail_armada","https:\/\/www.instagram.com\/sail_armada\/","https:\/\/www.tiktok.com\/sail_armada"]}]}},"_links":{"self":[{"href":"https:\/\/sailarmada.com\/ro\/wp-json\/wp\/v2\/pages\/12321","targetHints":{"allow":["GET"]}}],"collection":[{"href":"https:\/\/sailarmada.com\/ro\/wp-json\/wp\/v2\/pages"}],"about":[{"href":"https:\/\/sailarmada.com\/ro\/wp-json\/wp\/v2\/types\/page"}],"author":[{"embeddable":true,"href":"https:\/\/sailarmada.com\/ro\/wp-json\/wp\/v2\/users\/2"}],"replies":[{"embeddable":true,"href":"https:\/\/sailarmada.com\/ro\/wp-json\/wp\/v2\/comments?post=12321"}],"version-history":[{"count":4,"href":"https:\/\/sailarmada.com\/ro\/wp-json\/wp\/v2\/pages\/12321\/revisions"}],"predecessor-version":[{"id":15259,"href":"https:\/\/sailarmada.com\/ro\/wp-json\/wp\/v2\/pages\/12321\/revisions\/15259"}],"wp:attachment":[{"href":"https:\/\/sailarmada.com\/ro\/wp-json\/wp\/v2\/media?parent=12321"}],"curies":[{"name":"wp","href":"https:\/\/api.w.org\/{rel}","templated":true}]}}